{"id":1872,"date":"2020-07-28T17:22:40","date_gmt":"2020-07-28T17:22:40","guid":{"rendered":"https:\/\/www.tercercongresomundialtransdisciplinariedad.mx\/fr\/?page_id=1872"},"modified":"2022-06-29T04:50:41","modified_gmt":"2022-06-29T04:50:41","slug":"enregistrement-et-paiements","status":"publish","type":"page","link":"https:\/\/www.tercercongresomundialtransdisciplinariedad.mx\/fr\/enregistrement-et-paiements\/","title":{"rendered":"Enregistrement et Paiements"},"content":{"rendered":"\t\t<div data-elementor-type=\"wp-page\" data-elementor-id=\"1872\" class=\"elementor elementor-1872\">\n\t\t\t\t\t\t<section class=\"elementor-section elementor-top-section elementor-element elementor-element-881c27e elementor-section-height-min-height elementor-section-boxed elementor-section-height-default elementor-section-items-middle\" data-id=\"881c27e\" data-element_type=\"section\" data-settings=\"{&quot;background_background&quot;:&quot;classic&quot;}\">\n\t\t\t\t\t\t<div class=\"elementor-container elementor-column-gap-default\">\n\t\t\t\t\t<div class=\"elementor-column elementor-col-100 elementor-top-column elementor-element elementor-element-3dec764\" data-id=\"3dec764\" data-element_type=\"column\">\n\t\t\t<div class=\"elementor-widget-wrap elementor-element-populated\">\n\t\t\t\t\t\t<div class=\"elementor-element elementor-element-bd98247 elementor-widget elementor-widget-heading\" data-id=\"bd98247\" data-element_type=\"widget\" data-widget_type=\"heading.default\">\n\t\t\t\t<div class=\"elementor-widget-container\">\n\t\t\t\t\t<h2 class=\"elementor-heading-title elementor-size-xl\">ENREGISTREMENTS ET PAIEMENTS<\/h2>\t\t\t\t<\/div>\n\t\t\t\t<\/div>\n\t\t\t\t\t<\/div>\n\t\t<\/div>\n\t\t\t\t\t<\/div>\n\t\t<\/section>\n\t\t\t\t<section class=\"elementor-section elementor-top-section elementor-element elementor-element-da8898a elementor-section-height-full elementor-section-boxed elementor-section-height-default elementor-section-items-middle\" data-id=\"da8898a\" data-element_type=\"section\" data-settings=\"{&quot;background_background&quot;:&quot;classic&quot;}\">\n\t\t\t\t\t\t\t<div class=\"elementor-background-overlay\"><\/div>\n\t\t\t\t\t\t\t<div class=\"elementor-container elementor-column-gap-default\">\n\t\t\t\t\t<div class=\"elementor-column elementor-col-100 elementor-top-column elementor-element elementor-element-7fb7130\" data-id=\"7fb7130\" data-element_type=\"column\">\n\t\t\t<div class=\"elementor-widget-wrap elementor-element-populated\">\n\t\t\t\t\t\t<div class=\"elementor-element elementor-element-546def3 elementor-widget elementor-widget-text-editor\" data-id=\"546def3\" data-element_type=\"widget\" data-widget_type=\"text-editor.default\">\n\t\t\t\t<div class=\"elementor-widget-container\">\n\t\t\t\t\t\t\t\t\t<p style=\"text-align: center;\"><span class=\"tlid-translation translation\" lang=\"fr\" style=\"font-family: arial black, sans-serif; font-size: 14pt; color: #000000;\"><span class=\"\" title=\"\"><span class=\"tlid-translation translation\" lang=\"fr\">ENREGISTREMENT<\/span>\u00a0 ATTENTIFS 20 $ DOLLARS.<\/span><\/span><\/p><p style=\"text-align: center;\"><span class=\"\" style=\"font-family: arial black, sans-serif; font-size: 14pt; color: #000000;\" title=\"\">DATES <span class=\"tlid-translation translation\" lang=\"fr\"><span class=\"\" title=\"\">ENREGISTREMENT<\/span><\/span>: 1er SEPTEMBRE AU 30 OCTOBRE 2020.<\/span><\/p><p style=\"text-align: center;\"><span class=\"\" style=\"font-family: arial black, sans-serif; font-size: 14pt; color: #000000;\" title=\"\">PAIEMENT PAR PAYPAL ET ENVOYER UN EMAIL CONGRES: 1. PREUVE DE PAIEMENT, 2. NOM COMPLET, 3. INSTITUTION, 4. PAYS ET 5. E-MAIL.<\/span><\/p>\t\t\t\t\t\t\t\t<\/div>\n\t\t\t\t<\/div>\n\t\t\t\t<div class=\"elementor-element elementor-element-89fc080 elementor-widget elementor-widget-text-editor\" data-id=\"89fc080\" data-element_type=\"widget\" data-widget_type=\"text-editor.default\">\n\t\t\t\t<div class=\"elementor-widget-container\">\n\t\t\t\t\t\t\t\t\t<p style=\"text-align: center;\"><span style=\"color: #000000;\"><strong><span style=\"font-family: arial black, sans-serif; font-size: 14pt;\">FAITES VOTRE PAIEMENT ICI AVEC PAYPAL.<\/span><\/strong><\/span><\/p><p style=\"text-align: center;\"><span style=\"color: #000000;\"><strong><span style=\"font-family: arial black, sans-serif; font-size: 14pt;\">1. CLIQUEZ SUR PAYER.<\/span><\/strong><\/span><\/p><p style=\"text-align: center;\"><span style=\"color: #000000;\"><strong><span style=\"font-family: arial black, sans-serif; font-size: 14pt;\">2. SUIVEZ LES DIRECTIVES PAYPAL.<\/span><\/strong><\/span><\/p><p style=\"text-align: center;\"><span style=\"color: #000000;\"><strong><span style=\"font-family: arial black, sans-serif; font-size: 14pt;\">3. VOUS POUVEZ \u00c9GALEMENT EFFECTUER VOTRE PAIEMENT PAR TRANSFERT BANCAIRE<\/span><\/strong><\/span><\/p><p style=\"text-align: center;\"><span style=\"color: #000000;\"><strong><span style=\"font-family: arial black, sans-serif; font-size: 14pt;\">(VOIR COMPTE CI-DESSOUS).<\/span><\/strong><\/span><\/p>\t\t\t\t\t\t\t\t<\/div>\n\t\t\t\t<\/div>\n\t\t\t\t<div class=\"elementor-element elementor-element-7a646b1 elementor-widget__width-initial elementor-widget elementor-widget-text-editor\" data-id=\"7a646b1\" data-element_type=\"widget\" data-widget_type=\"text-editor.default\">\n\t\t\t\t<div class=\"elementor-widget-container\">\n\t\t\t\t\t\t\t\t\t<p style=\"text-align: center;\"><span style=\"font-family: arial black, sans-serif; font-size: 14pt; color: #000000;\">PAYER ICI<\/span><\/p>\t\t\t\t\t\t\t\t<\/div>\n\t\t\t\t<\/div>\n\t\t\t\t<div class=\"elementor-element elementor-element-4d1bac3 elementor-view-default elementor-widget elementor-widget-icon\" data-id=\"4d1bac3\" data-element_type=\"widget\" data-widget_type=\"icon.default\">\n\t\t\t\t<div class=\"elementor-widget-container\">\n\t\t\t\t\t\t\t<div class=\"elementor-icon-wrapper\">\n\t\t\t<div class=\"elementor-icon\">\n\t\t\t<i aria-hidden=\"true\" class=\"fas fa-arrow-alt-circle-down\"><\/i>\t\t\t<\/div>\n\t\t<\/div>\n\t\t\t\t\t\t<\/div>\n\t\t\t\t<\/div>\n\t\t\t\t<div class=\"elementor-element elementor-element-50f9546 elementor-widget__width-initial elementor-widget elementor-widget-html\" data-id=\"50f9546\" data-element_type=\"widget\" data-widget_type=\"html.default\">\n\t\t\t\t<div class=\"elementor-widget-container\">\n\t\t\t\t\t<form action=\"https:\/\/www.paypal.com\/cgi-bin\/webscr\" method=\"post\" target=\"_top\">\n<input type=\"hidden\" name=\"cmd\" value=\"_s-xclick\">\n<input type=\"hidden\" name=\"hosted_button_id\" value=\"8V3ASLQY94LNW\">\n<input type=\"image\" src=\"https:\/\/www.paypalobjects.com\/fr_FR\/FR\/i\/btn\/btn_paynowCC_LG.gif\" border=\"0\" name=\"submit\" alt=\"PayPal, le r\u00e9flexe s\u00e9curit\u00e9 pour payer en ligne\">\n<img decoding=\"async\" alt=\"\" border=\"0\" src=\"https:\/\/www.paypalobjects.com\/es_XC\/i\/scr\/pixel.gif\" width=\"1\" height=\"1\">\n<\/form>\t\t\t\t<\/div>\n\t\t\t\t<\/div>\n\t\t\t\t\t<\/div>\n\t\t<\/div>\n\t\t\t\t\t<\/div>\n\t\t<\/section>\n\t\t\t\t<section class=\"elementor-section elementor-top-section elementor-element elementor-element-64cc88a elementor-section-boxed elementor-section-height-default elementor-section-height-default\" data-id=\"64cc88a\" data-element_type=\"section\">\n\t\t\t\t\t\t<div class=\"elementor-container elementor-column-gap-default\">\n\t\t\t\t\t<div class=\"elementor-column elementor-col-100 elementor-top-column elementor-element elementor-element-a61a44b\" data-id=\"a61a44b\" data-element_type=\"column\">\n\t\t\t<div class=\"elementor-widget-wrap elementor-element-populated\">\n\t\t\t\t\t\t<div class=\"elementor-element elementor-element-605708c elementor-widget elementor-widget-text-editor\" data-id=\"605708c\" data-element_type=\"widget\" data-widget_type=\"text-editor.default\">\n\t\t\t\t<div class=\"elementor-widget-container\">\n\t\t\t\t\t\t\t\t\t<p style=\"text-align: center;\"><span lang=\"fr\" style=\"font-family: arial black, sans-serif; font-size: 14pt; color: #000000;\"><span title=\"\">4. SI LE BOUTON PAYER MAINTENANT NE FONCTIONNE PAS, ESSAYEZ LES OPTIONS SUIVANTES:<\/span><\/span><\/p><p style=\"text-align: center;\"><span style=\"font-family: arial black, sans-serif; font-size: 14pt; color: #000000;\">A) \u00c9LARGISSEZ VOTRE NAVIGATEUR ET ESSAYEZ-EN UN AUTRE (CHROME, FIREFOX, SAFARI, ETC.)<\/span><\/p><p style=\"text-align: center;\"><span lang=\"fr\" style=\"font-family: arial black, sans-serif; font-size: 14pt; color: #000000;\"><span title=\"\">B) ESSAYEZ AVEC UN AUTRE APPAREIL<\/span><\/span><\/p><p style=\"text-align: center;\"><span style=\"font-family: arial black, sans-serif; font-size: 14pt; color: #000000;\" title=\"\">C) REGARDEZ LE TUTORIEL SUR NOS R\u00c9SEAUX SOCIAUX<\/span><\/p><p style=\"text-align: center;\"><span style=\"font-family: arial black, sans-serif; font-size: 14pt; color: #000000;\" title=\"\">(LIENS EN BAS \u00c0 DROITE DE LA PAGE)<\/span><\/p><p style=\"text-align: center;\"><span style=\"font-family: arial black, sans-serif; font-size: 14pt; color: #000000;\" title=\"\">D) DANS LE DERNIER CAS, D\u00c9P\u00d4T SUR LE COMPTE BANCAIRE<\/span><\/p>\t\t\t\t\t\t\t\t<\/div>\n\t\t\t\t<\/div>\n\t\t\t\t<div class=\"elementor-element elementor-element-a1f1208 elementor-widget elementor-widget-text-editor\" data-id=\"a1f1208\" data-element_type=\"widget\" data-widget_type=\"text-editor.default\">\n\t\t\t\t<div class=\"elementor-widget-container\">\n\t\t\t\t\t\t\t\t\t<div class=\"text-wrap tlid-copy-target\"><div class=\"result-shield-container tlid-copy-target\" style=\"text-align: center;\" tabindex=\"0\"><p><span style=\"font-size: 18pt;\"><strong><span style=\"font-family: arial, helvetica, sans-serif; color: #000000;\"><span class=\"tlid-translation translation\" lang=\"fr\"><span class=\"\" title=\"\">COMPTE BANCAIRE POUR EFFECTUER LE PAIEMENT DU ENREGISTREMENT<\/span><\/span><\/span><\/strong><\/span><\/p><p><span style=\"font-size: 18pt;\"><strong><span class=\"\" style=\"color: #000000; font-family: arial, helvetica, sans-serif;\" title=\"\">BANCO CITIBANAMEX, MEXIQUE<\/span><\/strong><\/span><\/p><p><span style=\"font-size: 18pt;\"><strong><span class=\"\" style=\"color: #000000; font-family: arial, helvetica, sans-serif;\" title=\"\">Transdisciplinariedad Complexa A.C.<\/span><\/strong><\/span><\/p><p><span style=\"font-size: 18pt;\"><strong><span class=\"\" style=\"color: #000000; font-family: arial, helvetica, sans-serif;\" title=\"\">Clabe Interbancar 002180701441050425<\/span><\/strong><\/span><\/p><\/div><\/div>\t\t\t\t\t\t\t\t<\/div>\n\t\t\t\t<\/div>\n\t\t\t\t\t<\/div>\n\t\t<\/div>\n\t\t\t\t\t<\/div>\n\t\t<\/section>\n\t\t\t\t<section class=\"elementor-section elementor-top-section elementor-element elementor-element-58b136b elementor-section-boxed elementor-section-height-default elementor-section-height-default\" data-id=\"58b136b\" data-element_type=\"section\">\n\t\t\t\t\t\t<div class=\"elementor-container elementor-column-gap-default\">\n\t\t\t\t\t<div class=\"elementor-column elementor-col-100 elementor-top-column elementor-element elementor-element-7809fa6\" data-id=\"7809fa6\" data-element_type=\"column\">\n\t\t\t<div class=\"elementor-widget-wrap elementor-element-populated\">\n\t\t\t\t\t\t<div class=\"elementor-element elementor-element-1f19bf4 elementor-widget elementor-widget-text-editor\" data-id=\"1f19bf4\" data-element_type=\"widget\" data-widget_type=\"text-editor.default\">\n\t\t\t\t<div class=\"elementor-widget-container\">\n\t\t\t\t\t\t\t\t\t<p style=\"text-align: center;\"><span style=\"color: #000000; font-family: arial black, sans-serif; font-size: 18pt;\">E-MAILS DU CONGR\u00c8S<\/span><\/p><p style=\"text-align: center;\"><span style=\"color: #000000; font-family: arial black, sans-serif; font-size: 18pt;\">tercercongresomundial@gmail.com<\/span><\/p>\t\t\t\t\t\t\t\t<\/div>\n\t\t\t\t<\/div>\n\t\t\t\t<div class=\"elementor-element elementor-element-c2fdf09 elementor-shape-circle e-grid-align-right elementor-grid-0 elementor-widget elementor-widget-social-icons\" data-id=\"c2fdf09\" data-element_type=\"widget\" data-widget_type=\"social-icons.default\">\n\t\t\t\t<div class=\"elementor-widget-container\">\n\t\t\t\t\t\t\t<div class=\"elementor-social-icons-wrapper elementor-grid\" role=\"list\">\n\t\t\t\t\t\t\t<span class=\"elementor-grid-item\" role=\"listitem\">\n\t\t\t\t\t<a class=\"elementor-icon elementor-social-icon elementor-social-icon-facebook elementor-repeater-item-9654525\" href=\"https:\/\/www.facebook.com\/3CMTr\" target=\"_blank\">\n\t\t\t\t\t\t<span class=\"elementor-screen-only\">Facebook<\/span>\n\t\t\t\t\t\t<i aria-hidden=\"true\" class=\"fab fa-facebook\"><\/i>\t\t\t\t\t<\/a>\n\t\t\t\t<\/span>\n\t\t\t\t\t\t\t<span class=\"elementor-grid-item\" role=\"listitem\">\n\t\t\t\t\t<a class=\"elementor-icon elementor-social-icon elementor-social-icon-twitter elementor-repeater-item-a2b8f91\" href=\"https:\/\/twitter.com\/3CMTr\" target=\"_blank\">\n\t\t\t\t\t\t<span class=\"elementor-screen-only\">Twitter<\/span>\n\t\t\t\t\t\t<i aria-hidden=\"true\" class=\"fab fa-twitter\"><\/i>\t\t\t\t\t<\/a>\n\t\t\t\t<\/span>\n\t\t\t\t\t\t\t<span class=\"elementor-grid-item\" role=\"listitem\">\n\t\t\t\t\t<a class=\"elementor-icon elementor-social-icon elementor-social-icon-instagram elementor-repeater-item-205888c\" href=\"https:\/\/www.instagram.com\/tercercongresomundial\/\" target=\"_blank\">\n\t\t\t\t\t\t<span class=\"elementor-screen-only\">Instagram<\/span>\n\t\t\t\t\t\t<i aria-hidden=\"true\" class=\"fab fa-instagram\"><\/i>\t\t\t\t\t<\/a>\n\t\t\t\t<\/span>\n\t\t\t\t\t\t\t<span class=\"elementor-grid-item\" role=\"listitem\">\n\t\t\t\t\t<a class=\"elementor-icon elementor-social-icon elementor-social-icon-youtube elementor-repeater-item-6533f44\" href=\"https:\/\/www.youtube.com\/channel\/UCfGtN25i2-eo3hrYvvQgPJw\" target=\"_blank\">\n\t\t\t\t\t\t<span class=\"elementor-screen-only\">Youtube<\/span>\n\t\t\t\t\t\t<i aria-hidden=\"true\" class=\"fab fa-youtube\"><\/i>\t\t\t\t\t<\/a>\n\t\t\t\t<\/span>\n\t\t\t\t\t<\/div>\n\t\t\t\t\t\t<\/div>\n\t\t\t\t<\/div>\n\t\t\t\t\t<\/div>\n\t\t<\/div>\n\t\t\t\t\t<\/div>\n\t\t<\/section>\n\t\t\t\t<\/div>\n\t\t","protected":false},"excerpt":{"rendered":"<div class=\"slide-text-bg2\"><span>ENREGISTREMENTS ET PAIEMENTS ENREGISTREMENT\u00a0 ATTENTIFS 20 $ DOLLARS. DATES ENREGISTREMENT: 1er SEPTEMBRE AU 30 OCTOBRE 2020. PAIEMENT PAR PAYPAL ET ENVOYE<\/span><\/div>\n<div class=\"slide-btn-area-sm\"><a href=\"https:\/\/www.tercercongresomundialtransdisciplinariedad.mx\/fr\/enregistrement-et-paiements\/\" class=\"slide-btn-sm\">Leer m\u00e1s<\/a><\/div>\n","protected":false},"author":9,"featured_media":0,"parent":0,"menu_order":0,"comment_status":"closed","ping_status":"closed","template":"elementor_header_footer","meta":{"footnotes":""},"class_list":["post-1872","page","type-page","status-publish","hentry"],"_links":{"self":[{"href":"https:\/\/www.tercercongresomundialtransdisciplinariedad.mx\/fr\/wp-json\/wp\/v2\/pages\/1872","targetHints":{"allow":["GET"]}}],"collection":[{"href":"https:\/\/www.tercercongresomundialtransdisciplinariedad.mx\/fr\/wp-json\/wp\/v2\/pages"}],"about":[{"href":"https:\/\/www.tercercongresomundialtransdisciplinariedad.mx\/fr\/wp-json\/wp\/v2\/types\/page"}],"author":[{"embeddable":true,"href":"https:\/\/www.tercercongresomundialtransdisciplinariedad.mx\/fr\/wp-json\/wp\/v2\/users\/9"}],"replies":[{"embeddable":true,"href":"https:\/\/www.tercercongresomundialtransdisciplinariedad.mx\/fr\/wp-json\/wp\/v2\/comments?post=1872"}],"version-history":[{"count":10,"href":"https:\/\/www.tercercongresomundialtransdisciplinariedad.mx\/fr\/wp-json\/wp\/v2\/pages\/1872\/revisions"}],"predecessor-version":[{"id":3608,"href":"https:\/\/www.tercercongresomundialtransdisciplinariedad.mx\/fr\/wp-json\/wp\/v2\/pages\/1872\/revisions\/3608"}],"wp:attachment":[{"href":"https:\/\/www.tercercongresomundialtransdisciplinariedad.mx\/fr\/wp-json\/wp\/v2\/media?parent=1872"}],"curies":[{"name":"wp","href":"https:\/\/api.w.org\/{rel}","templated":true}]}}