{"id":1725,"date":"2020-07-09T17:42:59","date_gmt":"2020-07-09T17:42:59","guid":{"rendered":"https:\/\/www.tercercongresomundialtransdisciplinariedad.mx\/fr\/?page_id=1725"},"modified":"2021-08-13T00:46:57","modified_gmt":"2021-08-13T00:46:57","slug":"congre_virtual","status":"publish","type":"page","link":"https:\/\/www.tercercongresomundialtransdisciplinariedad.mx\/fr\/congre_virtual\/","title":{"rendered":"congre_virtual"},"content":{"rendered":"\t\t<div data-elementor-type=\"wp-post\" data-elementor-id=\"1725\" class=\"elementor elementor-1725\">\n\t\t\t\t\t\t<section class=\"elementor-section elementor-top-section elementor-element elementor-element-23cacd8 elementor-section-height-min-height elementor-section-boxed elementor-section-height-default elementor-section-items-middle\" data-id=\"23cacd8\" data-element_type=\"section\" data-settings=\"{&quot;background_background&quot;:&quot;classic&quot;}\">\n\t\t\t\t\t\t<div class=\"elementor-container elementor-column-gap-default\">\n\t\t\t\t\t<div class=\"elementor-column elementor-col-100 elementor-top-column elementor-element elementor-element-af6d0a9\" data-id=\"af6d0a9\" data-element_type=\"column\">\n\t\t\t<div class=\"elementor-widget-wrap elementor-element-populated\">\n\t\t\t\t\t\t<div class=\"elementor-element elementor-element-47f2412 elementor-widget elementor-widget-heading\" data-id=\"47f2412\" data-element_type=\"widget\" data-widget_type=\"heading.default\">\n\t\t\t\t<div class=\"elementor-widget-container\">\n\t\t\t\t\t<h2 class=\"elementor-heading-title elementor-size-xl\">PR\u00c9SENTATION<\/h2>\t\t\t\t<\/div>\n\t\t\t\t<\/div>\n\t\t\t\t\t<\/div>\n\t\t<\/div>\n\t\t\t\t\t<\/div>\n\t\t<\/section>\n\t\t\t\t<section class=\"elementor-section elementor-top-section elementor-element elementor-element-37e324d elementor-section-height-min-height elementor-section-content-middle elementor-section-boxed elementor-section-height-default elementor-section-items-middle\" data-id=\"37e324d\" data-element_type=\"section\" data-settings=\"{&quot;background_background&quot;:&quot;classic&quot;}\">\n\t\t\t\t\t\t<div class=\"elementor-container elementor-column-gap-default\">\n\t\t\t\t\t<div class=\"elementor-column elementor-col-100 elementor-top-column elementor-element elementor-element-a81242a\" data-id=\"a81242a\" data-element_type=\"column\">\n\t\t\t<div class=\"elementor-widget-wrap elementor-element-populated\">\n\t\t\t\t\t\t<div class=\"elementor-element elementor-element-ff79280 elementor-widget elementor-widget-text-editor\" data-id=\"ff79280\" data-element_type=\"widget\" data-widget_type=\"text-editor.default\">\n\t\t\t\t<div class=\"elementor-widget-container\">\n\t\t\t\t\t\t\t\t\t<p style=\"text-align: justify;\"><span style=\"color: #000000; font-family: arial black, sans-serif;\"><strong>Les organisateurs du III Congr\u00e8s Mondial de la Transdisciplinarit\u00e9 Virtuel, le Centre International des \u00c9tudes et Recherches Transdisciplinaires (CIRET-FRANCE), l&#8217;\u00c9cole Nationale d&#8217;Anthropologie et d&#8217;Histoire (ENAH\/INAH-MEXIQUE), la Chaire Transdisciplinaire UNESCO, D\u00e9veloppement humain et culture de la paix \u00e0 l&#8217;Universit\u00e9 de Florence (CTU-ITALIE), le Centre d\u2019 \u00c9ducation Transdisciplinaire (CETRANS-BR\u00c9SIL), r\u00e9alisent cet \u00e9v\u00e9nement mondial d\u2019une grande importance pour l\u2019humanit\u00e9, qui se d\u00e9roulera du 30 octobre 2020 au 15 <\/strong><\/span><span style=\"color: #000000; font-family: arial black, sans-serif;\"><strong><span style=\"color: #000000; font-family: arial black, sans-serif;\"><strong>octobre<\/strong><\/span> 2021. <\/strong><\/span><\/p><p style=\"text-align: justify;\"><span style=\"color: #000000; font-family: arial black, sans-serif;\"><strong>Ce Congr\u00e8s en Ligne pr\u00e9c\u00e8de le IIIe Congr\u00e8s Mondial Pr\u00e9sentiel sur la Transdisciplinarit\u00e9 qui se tiendra \u00e0 Mexico du <\/strong><\/span><span style=\"color: #000000; font-family: arial black, sans-serif;\"><strong><span style=\"color: #000000; font-family: arial black, sans-serif;\"><strong>31 octobre<\/strong><\/span> au 8 novembre 2022, avec des conf\u00e9rences, des tables rondes, des symposiums et des activit\u00e9s culturelles et artistiques indiqu\u00e9es sur notre site web. Sur ce site, il y a les formes d\u2019enregistrement et d\u2019inscription, pour les deux modalit\u00e9s virtuelle et pr\u00e9sentielle, ainsi que des informations importantes.<\/strong><\/span><\/p><p style=\"text-align: justify;\"><span style=\"color: #000000; font-family: arial black, sans-serif;\"><strong>Apr\u00e8s 15 ans du IIe Congr\u00e8s au Br\u00e9sil, en 2005, les objectifs du IIIe Congr\u00e8s Mondial de Transdisciplinarit\u00e9, en mode virtuel et en face-\u00e0-face, sont de r\u00e9unir le plus grand nombre de participants de diverses institutions nationales et internationales, pour aborder les derniers d\u00e9veloppements th\u00e9oriques et pratiques de la transdisciplinarit\u00e9 et proposer de nouvelles approches, et exp\u00e9riences pour relever les extraordinaires d\u00e9fis du XXIe si\u00e8cle, tels que : civilisation terrestre et d\u00e9veloppement durable, \u00e9ducation plan\u00e9taire, \u00a0transhumanisme, sant\u00e9, l\u2019\u00e9galit\u00e9 de genres, la pauvret\u00e9, la destruction de la diversit\u00e9 biologique, changement climatique, (Voir le Programme des Nations Unies 2030 des 17 objectifs de d\u00e9veloppement durable) et tant d&#8217;autres probl\u00e8mes comme la pand\u00e9mie de COVID-19.<\/strong><\/span><\/p><p style=\"text-align: justify;\"><span style=\"color: #000000; font-family: arial black, sans-serif;\"><strong>Nous esp\u00e9rons que vous participerez avec nous \u00e0 cet \u00e9v\u00e9nement important pour toute l\u2019humanit\u00e9, de nous aider \u00e0 diffuser le Congr\u00e8s dans ses r\u00e9seaux pour obtenir les meilleurs r\u00e9sultats dans ce dialogue mondial pour l\u2019espoir de l\u2019avenir de notre plan\u00e8te.<\/strong><\/span><\/p><p style=\"text-align: justify;\"><span style=\"color: #000000; font-family: arial black, sans-serif;\"><strong>Avec nos salutations les\u00a0meilleures,<\/strong><\/span><\/p>\t\t\t\t\t\t\t\t<\/div>\n\t\t\t\t<\/div>\n\t\t\t\t<div class=\"elementor-element elementor-element-126db00 elementor-widget elementor-widget-spacer\" data-id=\"126db00\" data-element_type=\"widget\" data-widget_type=\"spacer.default\">\n\t\t\t\t<div class=\"elementor-widget-container\">\n\t\t\t\t\t\t\t<div class=\"elementor-spacer\">\n\t\t\t<div class=\"elementor-spacer-inner\"><\/div>\n\t\t<\/div>\n\t\t\t\t\t\t<\/div>\n\t\t\t\t<\/div>\n\t\t\t\t\t<\/div>\n\t\t<\/div>\n\t\t\t\t\t<\/div>\n\t\t<\/section>\n\t\t\t\t<section class=\"elementor-section elementor-top-section elementor-element elementor-element-6ce8399 elementor-section-boxed elementor-section-height-default elementor-section-height-default\" data-id=\"6ce8399\" data-element_type=\"section\">\n\t\t\t\t\t\t<div class=\"elementor-container elementor-column-gap-default\">\n\t\t\t\t\t<div class=\"elementor-column elementor-col-100 elementor-top-column elementor-element elementor-element-7942894\" data-id=\"7942894\" data-element_type=\"column\">\n\t\t\t<div class=\"elementor-widget-wrap elementor-element-populated\">\n\t\t\t\t\t\t<div class=\"elementor-element elementor-element-3ffc84e elementor-widget elementor-widget-spacer\" data-id=\"3ffc84e\" data-element_type=\"widget\" data-widget_type=\"spacer.default\">\n\t\t\t\t<div class=\"elementor-widget-container\">\n\t\t\t\t\t\t\t<div class=\"elementor-spacer\">\n\t\t\t<div class=\"elementor-spacer-inner\"><\/div>\n\t\t<\/div>\n\t\t\t\t\t\t<\/div>\n\t\t\t\t<\/div>\n\t\t\t\t\t<\/div>\n\t\t<\/div>\n\t\t\t\t\t<\/div>\n\t\t<\/section>\n\t\t\t\t<section class=\"elementor-section elementor-top-section elementor-element elementor-element-dd67032 elementor-section-boxed elementor-section-height-default elementor-section-height-default\" data-id=\"dd67032\" data-element_type=\"section\">\n\t\t\t\t\t\t<div class=\"elementor-container elementor-column-gap-default\">\n\t\t\t\t\t<div class=\"elementor-column elementor-col-100 elementor-top-column elementor-element elementor-element-a82d3b8\" data-id=\"a82d3b8\" data-element_type=\"column\">\n\t\t\t<div class=\"elementor-widget-wrap elementor-element-populated\">\n\t\t\t\t\t\t<div class=\"elementor-element elementor-element-1f58833 elementor-shape-circle e-grid-align-right elementor-grid-0 elementor-widget elementor-widget-social-icons\" data-id=\"1f58833\" data-element_type=\"widget\" data-widget_type=\"social-icons.default\">\n\t\t\t\t<div class=\"elementor-widget-container\">\n\t\t\t\t\t\t\t<div class=\"elementor-social-icons-wrapper elementor-grid\" role=\"list\">\n\t\t\t\t\t\t\t<span class=\"elementor-grid-item\" role=\"listitem\">\n\t\t\t\t\t<a class=\"elementor-icon elementor-social-icon elementor-social-icon-facebook elementor-repeater-item-eaf4485\" href=\"https:\/\/www.facebook.com\/3CMTr\/\" target=\"_blank\">\n\t\t\t\t\t\t<span class=\"elementor-screen-only\">Facebook<\/span>\n\t\t\t\t\t\t<i aria-hidden=\"true\" class=\"fab fa-facebook\"><\/i>\t\t\t\t\t<\/a>\n\t\t\t\t<\/span>\n\t\t\t\t\t\t\t<span class=\"elementor-grid-item\" role=\"listitem\">\n\t\t\t\t\t<a class=\"elementor-icon elementor-social-icon elementor-social-icon-twitter elementor-repeater-item-e420d1f\" href=\"https:\/\/twitter.com\/3CMTr\" target=\"_blank\">\n\t\t\t\t\t\t<span class=\"elementor-screen-only\">Twitter<\/span>\n\t\t\t\t\t\t<i aria-hidden=\"true\" class=\"fab fa-twitter\"><\/i>\t\t\t\t\t<\/a>\n\t\t\t\t<\/span>\n\t\t\t\t\t\t\t<span class=\"elementor-grid-item\" role=\"listitem\">\n\t\t\t\t\t<a class=\"elementor-icon elementor-social-icon elementor-social-icon-instagram elementor-repeater-item-8cf2588\" href=\"https:\/\/www.instagram.com\/tercercongresomundial\/\" target=\"_blank\">\n\t\t\t\t\t\t<span class=\"elementor-screen-only\">Instagram<\/span>\n\t\t\t\t\t\t<i aria-hidden=\"true\" class=\"fab fa-instagram\"><\/i>\t\t\t\t\t<\/a>\n\t\t\t\t<\/span>\n\t\t\t\t\t\t\t<span class=\"elementor-grid-item\" role=\"listitem\">\n\t\t\t\t\t<a class=\"elementor-icon elementor-social-icon elementor-social-icon-youtube elementor-repeater-item-79e6dfa\" href=\"https:\/\/www.youtube.com\/channel\/UCfGtN25i2-eo3hrYvvQgPJw\" target=\"_blank\">\n\t\t\t\t\t\t<span class=\"elementor-screen-only\">Youtube<\/span>\n\t\t\t\t\t\t<i aria-hidden=\"true\" class=\"fab fa-youtube\"><\/i>\t\t\t\t\t<\/a>\n\t\t\t\t<\/span>\n\t\t\t\t\t<\/div>\n\t\t\t\t\t\t<\/div>\n\t\t\t\t<\/div>\n\t\t\t\t\t<\/div>\n\t\t<\/div>\n\t\t\t\t\t<\/div>\n\t\t<\/section>\n\t\t\t\t<\/div>\n\t\t","protected":false},"excerpt":{"rendered":"<div class=\"slide-text-bg2\"><span>PR\u00c9SENTATION Les organisateurs du III Congr\u00e8s Mondial de la Transdisciplinarit\u00e9 Virtuel, le Centre International des \u00c9tudes et Recherches Transdiscipli<\/span><\/div>\n<div class=\"slide-btn-area-sm\"><a href=\"https:\/\/www.tercercongresomundialtransdisciplinariedad.mx\/fr\/congre_virtual\/\" class=\"slide-btn-sm\">Leer m\u00e1s<\/a><\/div>\n","protected":false},"author":1,"featured_media":0,"parent":0,"menu_order":0,"comment_status":"closed","ping_status":"closed","template":"elementor_header_footer","meta":{"footnotes":""},"class_list":["post-1725","page","type-page","status-publish","hentry"],"_links":{"self":[{"href":"https:\/\/www.tercercongresomundialtransdisciplinariedad.mx\/fr\/wp-json\/wp\/v2\/pages\/1725","targetHints":{"allow":["GET"]}}],"collection":[{"href":"https:\/\/www.tercercongresomundialtransdisciplinariedad.mx\/fr\/wp-json\/wp\/v2\/pages"}],"about":[{"href":"https:\/\/www.tercercongresomundialtransdisciplinariedad.mx\/fr\/wp-json\/wp\/v2\/types\/page"}],"author":[{"embeddable":true,"href":"https:\/\/www.tercercongresomundialtransdisciplinariedad.mx\/fr\/wp-json\/wp\/v2\/users\/1"}],"replies":[{"embeddable":true,"href":"https:\/\/www.tercercongresomundialtransdisciplinariedad.mx\/fr\/wp-json\/wp\/v2\/comments?post=1725"}],"version-history":[{"count":10,"href":"https:\/\/www.tercercongresomundialtransdisciplinariedad.mx\/fr\/wp-json\/wp\/v2\/pages\/1725\/revisions"}],"predecessor-version":[{"id":2943,"href":"https:\/\/www.tercercongresomundialtransdisciplinariedad.mx\/fr\/wp-json\/wp\/v2\/pages\/1725\/revisions\/2943"}],"wp:attachment":[{"href":"https:\/\/www.tercercongresomundialtransdisciplinariedad.mx\/fr\/wp-json\/wp\/v2\/media?parent=1725"}],"curies":[{"name":"wp","href":"https:\/\/api.w.org\/{rel}","templated":true}]}}