{"id":710,"date":"2019-08-07T20:40:14","date_gmt":"2019-08-07T20:40:14","guid":{"rendered":"https:\/\/www.tercercongresomundialtransdisciplinariedad.mx\/br\/?page_id=710"},"modified":"2019-12-06T17:43:48","modified_gmt":"2019-12-06T17:43:48","slug":"simbolo","status":"publish","type":"page","link":"https:\/\/www.tercercongresomundialtransdisciplinariedad.mx\/br\/simbolo\/","title":{"rendered":"s\u00edmbolo"},"content":{"rendered":"\t\t<div data-elementor-type=\"wp-post\" data-elementor-id=\"710\" class=\"elementor elementor-710\">\n\t\t\t\t\t\t<section class=\"elementor-section elementor-top-section elementor-element elementor-element-7cab9719 elementor-section-height-min-height elementor-section-boxed elementor-section-height-default elementor-section-items-middle\" data-id=\"7cab9719\" data-element_type=\"section\" data-settings=\"{&quot;background_background&quot;:&quot;classic&quot;}\">\n\t\t\t\t\t\t\t<div class=\"elementor-background-overlay\"><\/div>\n\t\t\t\t\t\t\t<div class=\"elementor-container elementor-column-gap-default\">\n\t\t\t\t\t<div class=\"elementor-column elementor-col-100 elementor-top-column elementor-element elementor-element-5d84cf4a\" data-id=\"5d84cf4a\" data-element_type=\"column\">\n\t\t\t<div class=\"elementor-widget-wrap elementor-element-populated\">\n\t\t\t\t\t\t<div class=\"elementor-element elementor-element-13d4a4da elementor-widget elementor-widget-heading\" data-id=\"13d4a4da\" data-element_type=\"widget\" data-widget_type=\"heading.default\">\n\t\t\t\t<div class=\"elementor-widget-container\">\n\t\t\t\t\t<h2 class=\"elementor-heading-title elementor-size-large\">O S\u00cdMBOLO<\/h2>\t\t\t\t<\/div>\n\t\t\t\t<\/div>\n\t\t\t\t<div class=\"elementor-element elementor-element-7af046da elementor-widget-divider--view-line elementor-widget elementor-widget-divider\" data-id=\"7af046da\" data-element_type=\"widget\" data-widget_type=\"divider.default\">\n\t\t\t\t<div class=\"elementor-widget-container\">\n\t\t\t\t\t\t\t<div class=\"elementor-divider\">\n\t\t\t<span class=\"elementor-divider-separator\">\n\t\t\t\t\t\t<\/span>\n\t\t<\/div>\n\t\t\t\t\t\t<\/div>\n\t\t\t\t<\/div>\n\t\t\t\t<div class=\"elementor-element elementor-element-40dd042b elementor-widget elementor-widget-heading\" data-id=\"40dd042b\" data-element_type=\"widget\" data-widget_type=\"heading.default\">\n\t\t\t\t<div class=\"elementor-widget-container\">\n\t\t\t\t\t<p class=\"elementor-heading-title elementor-size-medium\">Hunab Ku \u00e9 o nome da divindade m\u00e1xima e incorp\u00f3rea dos antigos maias, que representa a unidualidade das for\u00e7as c\u00f3smicas criadoras e guias da vida, e se associa a um dos mantos sagrados que nos legaram os astecas nos c\u00f3dices. Nele se representam duas for\u00e7as que se tecem, se complementam como s\u00e3o: esp\u00edrito e corpo; dia e noite; o saber e o conhecimento: Quetzalcoatl e Tezcatlipocah. Dualismo epistemol\u00f3gico que gera um terceiro, o qual est\u00e1 presente no pensamento homom\u00f3rfico continuum das culturas do continente do Anahuac \u2013Tawantinzuyu.\n\n<\/br><\/br>\n\nO Hunab Ku conecta distintos n\u00edveis da realidade, por meio do movimento das duas serpentes que saem do mesmo lugar, como as que envolvem o famoso Calend\u00e1rio Asteca ou Pedra do Sol, para voltar a encontrar-se e cruzar-se, produzindo o movimento dial\u00e9tico\/dial\u00f3gico da exist\u00eancia c\u00f3smica: emerge novamente a unidualidade das for\u00e7as complement\u00e1rias que viajar\u00e3o juntas com o destino da vida e da humanidade.\n\n<\/br><\/br>\nO s\u00edmbolo est\u00e1 rodeado de dois c\u00edrculos, que materializam n\u00edveis de realidade, coloridos com o tom da flor do Cempoaxuchitl ou das vinte flores (amarelo dourado) que, de acordo com a mitologia do M\u00e9xico antigo, nasceu no Mictl\u00e1n, na regi\u00e3o dos desencarnados para iluminar as almas de nossos ancestros, enquanto o Sol estava ausente (de novo se conectam vida e morte num ciclo eterno). O vermelho significa a uni\u00e3o-separa\u00e7\u00e3o, o continuum \u2013 fragmenta\u00e7\u00e3o. O negro se refere \u00e0 morte, ao oculto, ao complemento do ciclo. Em s\u00edntese, a elei\u00e7\u00e3o das cores retoma  alguns temas de interesse da transdisciplinaridade e da complexidade.<\/p>\t\t\t\t<\/div>\n\t\t\t\t<\/div>\n\t\t\t\t\t<\/div>\n\t\t<\/div>\n\t\t\t\t\t<\/div>\n\t\t<\/section>\n\t\t\t\t<\/div>\n\t\t","protected":false},"excerpt":{"rendered":"<div class=\"slide-text-bg2\"><span>O S\u00cdMBOLO Hunab Ku \u00e9 o nome da divindade m\u00e1xima e incorp\u00f3rea dos antigos maias, que representa a unidualidade das for\u00e7as c\u00f3smicas criadoras e guias d<\/span><\/div>\n<div class=\"slide-btn-area-sm\"><a href=\"https:\/\/www.tercercongresomundialtransdisciplinariedad.mx\/br\/simbolo\/\" class=\"slide-btn-sm\">Leer m\u00e1s<\/a><\/div>\n","protected":false},"author":1,"featured_media":0,"parent":0,"menu_order":0,"comment_status":"closed","ping_status":"closed","template":"elementor_header_footer","meta":{"footnotes":""},"class_list":["post-710","page","type-page","status-publish","hentry"],"_links":{"self":[{"href":"https:\/\/www.tercercongresomundialtransdisciplinariedad.mx\/br\/wp-json\/wp\/v2\/pages\/710","targetHints":{"allow":["GET"]}}],"collection":[{"href":"https:\/\/www.tercercongresomundialtransdisciplinariedad.mx\/br\/wp-json\/wp\/v2\/pages"}],"about":[{"href":"https:\/\/www.tercercongresomundialtransdisciplinariedad.mx\/br\/wp-json\/wp\/v2\/types\/page"}],"author":[{"embeddable":true,"href":"https:\/\/www.tercercongresomundialtransdisciplinariedad.mx\/br\/wp-json\/wp\/v2\/users\/1"}],"replies":[{"embeddable":true,"href":"https:\/\/www.tercercongresomundialtransdisciplinariedad.mx\/br\/wp-json\/wp\/v2\/comments?post=710"}],"version-history":[{"count":10,"href":"https:\/\/www.tercercongresomundialtransdisciplinariedad.mx\/br\/wp-json\/wp\/v2\/pages\/710\/revisions"}],"predecessor-version":[{"id":1610,"href":"https:\/\/www.tercercongresomundialtransdisciplinariedad.mx\/br\/wp-json\/wp\/v2\/pages\/710\/revisions\/1610"}],"wp:attachment":[{"href":"https:\/\/www.tercercongresomundialtransdisciplinariedad.mx\/br\/wp-json\/wp\/v2\/media?parent=710"}],"curies":[{"name":"wp","href":"https:\/\/api.w.org\/{rel}","templated":true}]}}