{"id":456,"date":"2019-08-05T22:07:46","date_gmt":"2019-08-05T22:07:46","guid":{"rendered":"https:\/\/www.tercercongresomundialtransdisciplinariedad.mx\/br\/?page_id=456"},"modified":"2022-04-21T23:35:14","modified_gmt":"2022-04-21T23:35:14","slug":"comites","status":"publish","type":"page","link":"https:\/\/www.tercercongresomundialtransdisciplinariedad.mx\/br\/comites\/","title":{"rendered":"Comites"},"content":{"rendered":"\t\t<div data-elementor-type=\"wp-post\" data-elementor-id=\"456\" class=\"elementor elementor-456\">\n\t\t\t\t\t\t<section class=\"elementor-section elementor-top-section elementor-element elementor-element-fdb7cda elementor-section-boxed elementor-section-height-default elementor-section-height-default\" data-id=\"fdb7cda\" data-element_type=\"section\" data-settings=\"{&quot;background_background&quot;:&quot;classic&quot;}\">\n\t\t\t\t\t\t<div class=\"elementor-container elementor-column-gap-default\">\n\t\t\t\t\t<div class=\"elementor-column elementor-col-100 elementor-top-column elementor-element elementor-element-ee93786\" data-id=\"ee93786\" data-element_type=\"column\">\n\t\t\t<div class=\"elementor-widget-wrap\">\n\t\t\t\t\t\t\t<\/div>\n\t\t<\/div>\n\t\t\t\t\t<\/div>\n\t\t<\/section>\n\t\t\t\t<section class=\"elementor-section elementor-top-section elementor-element elementor-element-6337b69 elementor-section-boxed elementor-section-height-default elementor-section-height-default\" data-id=\"6337b69\" data-element_type=\"section\" data-settings=\"{&quot;background_background&quot;:&quot;classic&quot;}\">\n\t\t\t\t\t\t\t<div class=\"elementor-background-overlay\"><\/div>\n\t\t\t\t\t\t\t<div class=\"elementor-container elementor-column-gap-wider\">\n\t\t\t\t\t<div class=\"elementor-column elementor-col-100 elementor-top-column elementor-element elementor-element-b4e295c\" data-id=\"b4e295c\" data-element_type=\"column\">\n\t\t\t<div class=\"elementor-widget-wrap elementor-element-populated\">\n\t\t\t\t\t\t<div class=\"elementor-element elementor-element-c7c29c2 elementor-widget elementor-widget-heading\" data-id=\"c7c29c2\" data-element_type=\"widget\" data-widget_type=\"heading.default\">\n\t\t\t\t<div class=\"elementor-widget-container\">\n\t\t\t\t\t<h1 class=\"elementor-heading-title elementor-size-xxl\"><b> Comit\u00eas <\/b><\/h1>\t\t\t\t<\/div>\n\t\t\t\t<\/div>\n\t\t\t\t<div class=\"elementor-element elementor-element-506322d elementor-widget elementor-widget-heading\" data-id=\"506322d\" data-element_type=\"widget\" data-widget_type=\"heading.default\">\n\t\t\t\t<div class=\"elementor-widget-container\">\n\t\t\t\t\t<h2 class=\"elementor-heading-title elementor-size-default\">Dr. Basarab Nicolescu (CIRET-Fran\u00e7a)<br>Presidente honor\u00e1rio <br><br>Dra. Julieta Haidar (ENAH-M\u00e9xico)<br>Presidente<\/h2>\t\t\t\t<\/div>\n\t\t\t\t<\/div>\n\t\t\t\t<div class=\"elementor-element elementor-element-1721f98 elementor-widget elementor-widget-spacer\" data-id=\"1721f98\" data-element_type=\"widget\" data-widget_type=\"spacer.default\">\n\t\t\t\t<div class=\"elementor-widget-container\">\n\t\t\t\t\t\t\t<div class=\"elementor-spacer\">\n\t\t\t<div class=\"elementor-spacer-inner\"><\/div>\n\t\t<\/div>\n\t\t\t\t\t\t<\/div>\n\t\t\t\t<\/div>\n\t\t\t\t<section class=\"elementor-section elementor-inner-section elementor-element elementor-element-6844882 elementor-section-boxed elementor-section-height-default elementor-section-height-default\" data-id=\"6844882\" data-element_type=\"section\">\n\t\t\t\t\t\t<div class=\"elementor-container elementor-column-gap-default\">\n\t\t\t\t\t<div class=\"elementor-column elementor-col-50 elementor-inner-column elementor-element elementor-element-92f2568\" data-id=\"92f2568\" data-element_type=\"column\">\n\t\t\t<div class=\"elementor-widget-wrap elementor-element-populated\">\n\t\t\t\t\t\t<div class=\"elementor-element elementor-element-6059813 elementor-widget elementor-widget-testimonial\" data-id=\"6059813\" data-element_type=\"widget\" data-widget_type=\"testimonial.default\">\n\t\t\t\t<div class=\"elementor-widget-container\">\n\t\t\t\t\t\t\t<div class=\"elementor-testimonial-wrapper\">\n\t\t\t\t\t\t\t<div class=\"elementor-testimonial-content\"><span style=\"color: #fff;font-size: 25px;font-style: normal;font-weight: 600;text-transform: uppercase\"> COMIT\u00ca CIENT\u00cdFICO INTERNACIONAL DE ORGANIZA\u00c7\u00c3O<\/span><br><h3><\/h3>\n<p><span style=\"color: #fff;font-size: 15px;font-style: normal\">\n1. Basarab Nicolescu (CIRET-Fran\u00e7a)<br>\n2. Edgar Morin (Fran\u00e7a)<br>\n3. Florent Pasquier (CIRET-Fran\u00e7a)<br>\n4. B\u00e9n\u00e9dicte Letellier (CIRET-Fran\u00e7a)<br>\n5. Paolo Orefice (CTU-U. Floren\u00e7a, It\u00e1lia)<br>\n6. Elisabetta Cerbai (CTU-U. Floren\u00e7a, It\u00e1lia)<br>\n7. Maria F De Mello (CETRANS-Brasil)<br> \n8. Vitoria M de Barros (CETRANS-Brasil)<br>\n9. Vicente L Goes (CETRANS-Brasil)<br>\n10. Diego Prieto (INAH-M\u00e9xico)<br> \n11. Aida Castilleja (INAH-M\u00e9xico)<br>\n12. Hilario Topete Lara (ENAH-M\u00e9xico)<br>\n13.  Julieta Haidar (TRANSCOMPLEXA-ENAH-M\u00e9xico)<br>\n14. Marco Tulio Pedroza Amarillas (TRANSCOMPLEXA-ENAH-M\u00e9xico)<br>\n15. Oscar Ochoa Flores (TRANSCOMPLEXA-ENAH-M\u00e9xico)<br>\n16. Ferm\u00edn Monroy Villanueva (TRANSCOMPLEXA-ENAH-M\u00e9xico<br>\n17. Armando Reynaga (MMREdgarMorin-M\u00e9xico)<br>\n<\/span><\/p><\/div>\n\t\t\t\n\t\t\t\t\t<\/div>\n\t\t\t\t\t\t<\/div>\n\t\t\t\t<\/div>\n\t\t\t\t\t<\/div>\n\t\t<\/div>\n\t\t\t\t<div class=\"elementor-column elementor-col-50 elementor-inner-column elementor-element elementor-element-a8bc7f9\" data-id=\"a8bc7f9\" data-element_type=\"column\">\n\t\t\t<div class=\"elementor-widget-wrap elementor-element-populated\">\n\t\t\t\t\t\t<div class=\"elementor-element elementor-element-472834a elementor-widget elementor-widget-testimonial\" data-id=\"472834a\" data-element_type=\"widget\" data-widget_type=\"testimonial.default\">\n\t\t\t\t<div class=\"elementor-widget-container\">\n\t\t\t\t\t\t\t<div class=\"elementor-testimonial-wrapper\">\n\t\t\t\t\t\t\t<div class=\"elementor-testimonial-content\"><span style=\"color: #fff;font-size: 25px;font-style: normal;font-weight: 600;text-transform: uppercase\">comit\u00ca cient\u00edfico INTERnacional <\/span><br><span style=\"text-transform: uppercase;font-weight: 600;font-style: normal;font-size: 25px\">DE APOIO <br><br><\/span><font face=\"Open Sans\" color=\"#ffffff\"><span style=\"font-size: 15px;font-style: normal;letter-spacing: 0.2px\">1.<\/span><\/font><font face=\"Open Sans\" color=\"#ffffff\"><span style=\"font-size: 15px;font-style: normal;letter-spacing: 0.2px\"><font face=\"Open Sans\" color=\"#ffffff\"><span style=\"font-size: 15px;font-style: normal;letter-spacing: 0.2px\"> <\/span><\/font><\/span><\/font><font face=\"Open Sans\" color=\"#ffffff\"><span style=\"font-size: 15px;font-style: normal;letter-spacing: 0.2px\"><font face=\"Open Sans\" color=\"#ffffff\"><span style=\"font-size: 15px;font-style: normal;letter-spacing: 0.2px\"><font face=\"Open Sans\" color=\"#ffffff\"><span style=\"font-size: 15px;font-style: normal;letter-spacing: 0.2px\"><font face=\"Open Sans\" color=\"#ffffff\"><span style=\"font-size: 15px;font-style: normal;letter-spacing: 0.2px\">Olivier Biard (CIRET-Fran\u00e7a)<br><\/span><\/font><\/span><\/font><\/span><\/font><\/span><\/font><font face=\"Open Sans\" color=\"#ffffff\"><span style=\"font-size: 15px;font-style: normal;letter-spacing: 0.2px\"><font face=\"Open Sans\" color=\"#ffffff\"><span style=\"font-size: 15px;font-style: normal;letter-spacing: 0.2px\"><font face=\"Open Sans\" color=\"#ffffff\"><span style=\"font-size: 15px;font-style: normal;letter-spacing: 0.2px\">2. <\/span><\/font>Benedetta Baldi (CTU<\/span><\/font><span style=\"font-size: 15px;font-style: normal;letter-spacing: 0.2px\">-U. Floren\u00e7a, It\u00e1lia)<\/span><font face=\"Open Sans\" color=\"#ffffff\"><span style=\"font-size: 15px;font-style: normal;letter-spacing: 0.2px\"> <\/span><\/font><br>\n<\/span><\/font><font face=\"Open Sans\" color=\"#ffffff\"><span style=\"font-size: 15px;font-style: normal;letter-spacing: 0.2px\"><font face=\"Open Sans\" color=\"#ffffff\"><span style=\"font-size: 15px;font-style: normal;letter-spacing: 0.2px\">3.<\/span><\/font> <\/span><\/font><font face=\"Open Sans\" color=\"#ffffff\"><span style=\"font-size: 15px;font-style: normal;letter-spacing: 0.2px\"><font face=\"Open Sans\" color=\"#ffffff\"><span style=\"font-size: 15px;font-style: normal;letter-spacing: 0.2px\">Daniel Silva (CETRANS-Brasil) <\/span><\/font><br>\n<\/span><\/font><font face=\"Open Sans\" color=\"#ffffff\"><span style=\"font-size: 15px;font-style: normal;letter-spacing: 0.2px\"><font face=\"Open Sans\" color=\"#ffffff\"><span style=\"font-size: 15px;font-style: normal;letter-spacing: 0.2px\">4.<\/span><\/font> <\/span><\/font><font face=\"Open Sans\" color=\"#ffffff\"><span style=\"font-size: 15px;font-style: normal;letter-spacing: 0.2px\"><font face=\"Open Sans\" color=\"#ffffff\"><span style=\"font-size: 15px;font-style: normal;letter-spacing: 0.2px\">David Terrazas Tello (TRANSCOMPLEXA-ENAH-M\u00e9xico)<\/span><\/font><span style=\"letter-spacing: 0.2px;text-transform: uppercase\"><\/span>\n<\/span><\/font><font face=\"Open Sans\" color=\"#ffffff\"><span style=\"font-size: 15px;font-style: normal;letter-spacing: 0.2px\"><font face=\"Open Sans\" color=\"#ffffff\"><span style=\"font-size: 15px;font-style: normal;letter-spacing: 0.2px\"><br><br><\/span><\/font><\/span><\/font><\/div>\n\t\t\t\n\t\t\t\t\t<\/div>\n\t\t\t\t\t\t<\/div>\n\t\t\t\t<\/div>\n\t\t\t\t\t<\/div>\n\t\t<\/div>\n\t\t\t\t\t<\/div>\n\t\t<\/section>\n\t\t\t\t<section class=\"elementor-section elementor-inner-section elementor-element elementor-element-7ee4238 elementor-section-boxed elementor-section-height-default elementor-section-height-default\" data-id=\"7ee4238\" data-element_type=\"section\">\n\t\t\t\t\t\t<div class=\"elementor-container elementor-column-gap-default\">\n\t\t\t\t\t<div class=\"elementor-column elementor-col-50 elementor-inner-column elementor-element elementor-element-7ca4397\" data-id=\"7ca4397\" data-element_type=\"column\">\n\t\t\t<div class=\"elementor-widget-wrap elementor-element-populated\">\n\t\t\t\t\t\t<div class=\"elementor-element elementor-element-c2bc4b4 elementor-widget elementor-widget-testimonial\" data-id=\"c2bc4b4\" data-element_type=\"widget\" data-widget_type=\"testimonial.default\">\n\t\t\t\t<div class=\"elementor-widget-container\">\n\t\t\t\t\t\t\t<div class=\"elementor-testimonial-wrapper\">\n\t\t\t\t\t\t\t<div class=\"elementor-testimonial-content\"><span style=\"color: #fff;font-size: 25px;font-style: normal;font-weight: 600;text-transform: uppercase\">COMISS\u00c3O DE PUBLICA\u00c7\u00d5ES<\/span><span style=\"text-transform: uppercase;font-weight: 600;font-style: normal;font-size: 25px\"><br><br><\/span><font face=\"Open Sans\" color=\"#ffffff\"><span style=\"font-size: 15px;font-style: normal;letter-spacing: 0.2px\">1.<\/span><\/font><font face=\"Open Sans\" color=\"#ffffff\"><span style=\"font-size: 15px;font-style: normal;letter-spacing: 0.2px\"><font face=\"Open Sans\" color=\"#ffffff\"><span style=\"font-size: 15px;font-style: normal;letter-spacing: 0.2px\"> Mariana Thieriot (CIRET-Fran\u00e7a) <\/span><\/font><font face=\"Open Sans\" color=\"#ffffff\"><span style=\"font-size: 15px;font-style: normal;letter-spacing: 0.2px\"> <\/span><\/font><br>\n2. <\/span><\/font><font face=\"Open Sans\" color=\"#ffffff\"><span style=\"font-size: 15px;font-style: normal;letter-spacing: 0.2px\"><font face=\"Open Sans\" color=\"#ffffff\"><span style=\"font-size: 15px;font-style: normal;letter-spacing: 0.2px\"><font face=\"Open Sans\" color=\"#ffffff\"><span style=\"font-size: 15px;font-style: normal;letter-spacing: 0.2px\"> Marco Fioravanti (CTU<\/span><\/font><span style=\"font-size: 15px;font-style: normal;letter-spacing: 0.2px\">-U. Floren\u00e7a, It\u00e1lia)<\/span><font face=\"Open Sans\" color=\"#ffffff\"><span style=\"font-size: 15px;font-style: normal;letter-spacing: 0.2px\"> <\/span><\/font><\/span><\/font><\/span><\/font><font face=\"Open Sans\" color=\"#ffffff\"><span style=\"font-size: 15px;font-style: normal;letter-spacing: 0.2px\"><br>\n3. <\/span><\/font><font face=\"Open Sans\" color=\"#ffffff\"><span style=\"font-size: 15px;font-style: normal;letter-spacing: 0.2px\"><span style=\"color: #fff;font-size: 15px;font-style: normal\"><font face=\"Open Sans\" color=\"#ffffff\"><span style=\"font-size: 15px;font-style: normal;letter-spacing: 0.2px\"><span style=\"color: #fff;font-size: 15px;font-style: normal\">Vitoria M de Barros (CETRANS-Brasil)<br><\/span><\/span><\/font><\/span><\/span><\/font><font face=\"Open Sans\" color=\"#ffffff\"><span style=\"font-size: 15px;font-style: normal;letter-spacing: 0.2px\"><span style=\"color: #fff;font-size: 15px;font-style: normal\"><font face=\"Open Sans\" color=\"#ffffff\"><span style=\"font-size: 15px;font-style: normal;letter-spacing: 0.2px\">4. <\/span><\/font><font face=\"Open Sans\" color=\"#ffffff\"><span style=\"font-size: 15px;font-style: normal;letter-spacing: 0.2px\"><\/span><\/font>Oscar Ochoa Flores (TRANSCOMPLEXA-ENAH-M\u00e9xico)<\/span><br><\/span><\/font><font face=\"Open Sans\" color=\"#ffffff\"><span style=\"font-size: 15px;font-style: normal;letter-spacing: 0.2px\">\n<\/span><\/font><br><\/div>\n\t\t\t\n\t\t\t\t\t<\/div>\n\t\t\t\t\t\t<\/div>\n\t\t\t\t<\/div>\n\t\t\t\t\t<\/div>\n\t\t<\/div>\n\t\t\t\t<div class=\"elementor-column elementor-col-50 elementor-inner-column elementor-element elementor-element-a019305\" data-id=\"a019305\" data-element_type=\"column\">\n\t\t\t<div class=\"elementor-widget-wrap elementor-element-populated\">\n\t\t\t\t\t\t<div class=\"elementor-element elementor-element-132e3ba elementor-widget elementor-widget-testimonial\" data-id=\"132e3ba\" data-element_type=\"widget\" data-widget_type=\"testimonial.default\">\n\t\t\t\t<div class=\"elementor-widget-container\">\n\t\t\t\t\t\t\t<div class=\"elementor-testimonial-wrapper\">\n\t\t\t\t\t\t\t<div class=\"elementor-testimonial-content\"><span style=\"color: #fff;font-size: 25px;font-style: normal;font-weight: 600;text-transform: uppercase\">COMISS\u00c3O DE REDE MUNDIAL TD<\/span><br><span style=\"text-transform: uppercase;font-weight: 600;font-style: normal;font-size: 25px\"><br><\/span><font face=\"Open Sans\" color=\"#ffffff\"><span style=\"font-size: 15px;font-style: normal;letter-spacing: 0.2px\">1. <\/span><\/font><font face=\"Open Sans\" color=\"#ffffff\"><span style=\"font-size: 15px;font-style: normal;letter-spacing: 0.2px\"><font face=\"Open Sans\" color=\"#ffffff\"><span style=\"font-size: 15px;font-style: normal;letter-spacing: 0.2px\"><span style=\"font-size: 15px;font-style: normal;font-weight: 400;letter-spacing: 0.2px;text-align: left;text-indent: 0px;text-transform: none;white-space: pre-wrap;float: none\"><span style=\"font-size: 15px;font-style: normal;font-weight: 400;letter-spacing: 0.2px;text-align: left;text-indent: 0px;text-transform: none;white-space: normal;float: none\"><\/span>Margarita de Vivero Zuber<\/span><\/span><\/font><font face=\"Open Sans\" color=\"#ffffff\"><span style=\"font-size: 15px;font-style: normal;letter-spacing: 0.2px\"><font face=\"Open Sans\" color=\"#ffffff\"><span style=\"font-size: 15px;font-style: normal;letter-spacing: 0.2px\"> (CIRET-Fran\u00e7a)<\/span><\/font><\/span><\/font><\/span><\/font><font face=\"Open Sans\" color=\"#ffffff\"><span style=\"font-size: 15px;font-style: normal;letter-spacing: 0.2px\"><br>\n2. <\/span><\/font><font face=\"Open Sans\" color=\"#ffffff\"><span style=\"font-size: 15px;font-style: normal;letter-spacing: 0.2px\"><span style=\"font-size: 15px;font-style: normal;font-weight: 400;letter-spacing: 0.2px;text-align: left;text-indent: 0px;text-transform: none;white-space: pre-wrap;float: none\"><span style=\"font-size: 15px;font-style: normal;font-weight: 400;letter-spacing: 0.2px;text-align: left;text-indent: 0px;text-transform: none;white-space: normal;float: none\">Donato Romano <\/span><\/span><\/span><\/font><font face=\"Open Sans\" color=\"#ffffff\"><span style=\"font-size: 15px;font-style: normal;letter-spacing: 0.2px\"><font face=\"Open Sans\" color=\"#ffffff\"><span style=\"font-size: 15px;font-style: normal;letter-spacing: 0.2px\"><font face=\"Open Sans\" color=\"#ffffff\"><span style=\"font-size: 15px;font-style: normal;letter-spacing: 0.2px\"><font face=\"Open Sans\" color=\"#ffffff\"><span style=\"font-size: 15px;font-style: normal;letter-spacing: 0.2px\">(CTU<\/span><\/font><span style=\"font-size: 15px;font-style: normal;letter-spacing: 0.2px\">-U. Floren\u00e7a, It\u00e1lia)<\/span><font face=\"Open Sans\" color=\"#ffffff\"><span style=\"font-size: 15px;font-style: normal;letter-spacing: 0.2px\"> <\/span><\/font><\/span><\/font><\/span><\/font><font face=\"Open Sans\" color=\"#ffffff\"><span style=\"font-size: 15px;font-style: normal;letter-spacing: 0.2px\"><br><\/span><\/font>\n3. <\/span><\/font><font face=\"Open Sans\" color=\"#ffffff\"><span style=\"font-size: 15px;font-style: normal;letter-spacing: 0.2px\"><span style=\"color: #fff;font-size: 15px;font-style: normal\">Vicente L Goes (CETRANS-Brasil)<\/span><br>4. <\/span><\/font><font face=\"Open Sans\" color=\"#ffffff\"><span style=\"font-size: 15px;font-style: normal;letter-spacing: 0.2px\"><font face=\"Open Sans\" color=\"#ffffff\"><span style=\"font-size: 15px;font-style: normal;letter-spacing: 0.2px\"><span style=\"color: #fff;font-size: 15px;font-style: normal\">Marco Tulio Pedroza Amarillas (TRANSCOMPLEXA-ENAH-M\u00e9xico)<\/span><\/span><\/font>\n<\/span><\/font><br><\/div>\n\t\t\t\n\t\t\t\t\t<\/div>\n\t\t\t\t\t\t<\/div>\n\t\t\t\t<\/div>\n\t\t\t\t\t<\/div>\n\t\t<\/div>\n\t\t\t\t\t<\/div>\n\t\t<\/section>\n\t\t\t\t<div class=\"elementor-element elementor-element-2944d88 elementor-widget elementor-widget-heading\" data-id=\"2944d88\" data-element_type=\"widget\" data-widget_type=\"heading.default\">\n\t\t\t\t<div class=\"elementor-widget-container\">\n\t\t\t\t\t<h2 class=\"elementor-heading-title elementor-size-default\"><span style=\"color: #fff;font-size: 25px;font-style: normal;font-weight: 600;text-transform: uppercase\">PARCEIROS E PATROCINADORES <\/span><br><h3><\/h3>\n<p><\/p><span style=\"color: #fff;font-size: 15px;font-style: normal\">\"EM CONSTRU\u00c7\u00c3O\"<\/span><\/h2>\t\t\t\t<\/div>\n\t\t\t\t<\/div>\n\t\t\t\t\t<\/div>\n\t\t<\/div>\n\t\t\t\t\t<\/div>\n\t\t<\/section>\n\t\t\t\t<section class=\"elementor-section elementor-top-section elementor-element elementor-element-6418db6 elementor-section-boxed elementor-section-height-default elementor-section-height-default\" data-id=\"6418db6\" data-element_type=\"section\">\n\t\t\t\t\t\t<div class=\"elementor-container elementor-column-gap-default\">\n\t\t\t\t\t<div class=\"elementor-column elementor-col-100 elementor-top-column elementor-element elementor-element-9e65a30\" data-id=\"9e65a30\" data-element_type=\"column\">\n\t\t\t<div class=\"elementor-widget-wrap elementor-element-populated\">\n\t\t\t\t\t\t<div class=\"elementor-element elementor-element-00f35fb elementor-shape-circle e-grid-align-right elementor-grid-0 elementor-widget elementor-widget-social-icons\" data-id=\"00f35fb\" data-element_type=\"widget\" data-widget_type=\"social-icons.default\">\n\t\t\t\t<div class=\"elementor-widget-container\">\n\t\t\t\t\t\t\t<div class=\"elementor-social-icons-wrapper elementor-grid\" role=\"list\">\n\t\t\t\t\t\t\t<span class=\"elementor-grid-item\" role=\"listitem\">\n\t\t\t\t\t<a class=\"elementor-icon elementor-social-icon elementor-social-icon-facebook elementor-repeater-item-aa3bced\" href=\"https:\/\/www.facebook.com\/3CMTr\/\" target=\"_blank\">\n\t\t\t\t\t\t<span class=\"elementor-screen-only\">Facebook<\/span>\n\t\t\t\t\t\t<i aria-hidden=\"true\" class=\"fab fa-facebook\"><\/i>\t\t\t\t\t<\/a>\n\t\t\t\t<\/span>\n\t\t\t\t\t\t\t<span class=\"elementor-grid-item\" role=\"listitem\">\n\t\t\t\t\t<a class=\"elementor-icon elementor-social-icon elementor-social-icon-twitter elementor-repeater-item-7be5ded\" href=\"https:\/\/twitter.com\/3CMTr\" target=\"_blank\">\n\t\t\t\t\t\t<span class=\"elementor-screen-only\">Twitter<\/span>\n\t\t\t\t\t\t<i aria-hidden=\"true\" class=\"fab fa-twitter\"><\/i>\t\t\t\t\t<\/a>\n\t\t\t\t<\/span>\n\t\t\t\t\t\t\t<span class=\"elementor-grid-item\" role=\"listitem\">\n\t\t\t\t\t<a class=\"elementor-icon elementor-social-icon elementor-social-icon-instagram elementor-repeater-item-10e5950\" href=\"https:\/\/www.instagram.com\/tercercongresomundial\/\" target=\"_blank\">\n\t\t\t\t\t\t<span class=\"elementor-screen-only\">Instagram<\/span>\n\t\t\t\t\t\t<i aria-hidden=\"true\" class=\"fab fa-instagram\"><\/i>\t\t\t\t\t<\/a>\n\t\t\t\t<\/span>\n\t\t\t\t\t\t\t<span class=\"elementor-grid-item\" role=\"listitem\">\n\t\t\t\t\t<a class=\"elementor-icon elementor-social-icon elementor-social-icon-youtube elementor-repeater-item-d7b9a4d\" href=\"https:\/\/www.youtube.com\/channel\/UCfGtN25i2-eo3hrYvvQgPJw\" target=\"_blank\">\n\t\t\t\t\t\t<span class=\"elementor-screen-only\">Youtube<\/span>\n\t\t\t\t\t\t<i aria-hidden=\"true\" class=\"fab fa-youtube\"><\/i>\t\t\t\t\t<\/a>\n\t\t\t\t<\/span>\n\t\t\t\t\t<\/div>\n\t\t\t\t\t\t<\/div>\n\t\t\t\t<\/div>\n\t\t\t\t\t<\/div>\n\t\t<\/div>\n\t\t\t\t\t<\/div>\n\t\t<\/section>\n\t\t\t\t<\/div>\n\t\t","protected":false},"excerpt":{"rendered":"<div class=\"slide-text-bg2\"><span>Comit\u00eas Dr. Basarab Nicolescu (CIRET-Fran\u00e7a)Presidente honor\u00e1rio Dra. Julieta Haidar (ENAH-M\u00e9xico)Presidente COMIT\u00ca CIENT\u00cdFICO INTERNACIONAL DE ORGAN<\/span><\/div>\n<div class=\"slide-btn-area-sm\"><a href=\"https:\/\/www.tercercongresomundialtransdisciplinariedad.mx\/br\/comites\/\" class=\"slide-btn-sm\">Leer m\u00e1s<\/a><\/div>\n","protected":false},"author":1,"featured_media":0,"parent":0,"menu_order":0,"comment_status":"closed","ping_status":"closed","template":"elementor_header_footer","meta":{"footnotes":""},"class_list":["post-456","page","type-page","status-publish","hentry"],"_links":{"self":[{"href":"https:\/\/www.tercercongresomundialtransdisciplinariedad.mx\/br\/wp-json\/wp\/v2\/pages\/456","targetHints":{"allow":["GET"]}}],"collection":[{"href":"https:\/\/www.tercercongresomundialtransdisciplinariedad.mx\/br\/wp-json\/wp\/v2\/pages"}],"about":[{"href":"https:\/\/www.tercercongresomundialtransdisciplinariedad.mx\/br\/wp-json\/wp\/v2\/types\/page"}],"author":[{"embeddable":true,"href":"https:\/\/www.tercercongresomundialtransdisciplinariedad.mx\/br\/wp-json\/wp\/v2\/users\/1"}],"replies":[{"embeddable":true,"href":"https:\/\/www.tercercongresomundialtransdisciplinariedad.mx\/br\/wp-json\/wp\/v2\/comments?post=456"}],"version-history":[{"count":10,"href":"https:\/\/www.tercercongresomundialtransdisciplinariedad.mx\/br\/wp-json\/wp\/v2\/pages\/456\/revisions"}],"predecessor-version":[{"id":3439,"href":"https:\/\/www.tercercongresomundialtransdisciplinariedad.mx\/br\/wp-json\/wp\/v2\/pages\/456\/revisions\/3439"}],"wp:attachment":[{"href":"https:\/\/www.tercercongresomundialtransdisciplinariedad.mx\/br\/wp-json\/wp\/v2\/media?parent=456"}],"curies":[{"name":"wp","href":"https:\/\/api.w.org\/{rel}","templated":true}]}}